{"id":1862,"date":"2020-02-27T14:32:53","date_gmt":"2020-02-27T13:32:53","guid":{"rendered":"http:\/\/abh-deco.be\/?page_id=1862"},"modified":"2020-06-05T13:04:10","modified_gmt":"2020-06-05T11:04:10","slug":"decoration-partielle","status":"publish","type":"page","link":"https:\/\/abh-deco.be\/decoration-partielle\/","title":{"rendered":"d\u00e9coration-partielle"},"content":{"rendered":"[vc_row type=&#8221;full_width_content&#8221; full_screen_row_position=&#8221;middle&#8221; column_margin=&#8221;default&#8221; scene_position=&#8221;center&#8221; text_color=&#8221;dark&#8221; text_align=&#8221;left&#8221; overlay_strength=&#8221;0.3&#8243; shape_divider_position=&#8221;bottom&#8221; bg_image_animation=&#8221;none&#8221; shape_type=&#8221;&#8221;][vc_column column_padding=&#8221;no-extra-padding&#8221; column_padding_position=&#8221;all&#8221; background_color_opacity=&#8221;1&#8243; background_hover_color_opacity=&#8221;1&#8243; column_link_target=&#8221;_self&#8221; column_shadow=&#8221;none&#8221; column_border_radius=&#8221;none&#8221; width=&#8221;1\/1&#8243; tablet_width_inherit=&#8221;default&#8221; tablet_text_alignment=&#8221;default&#8221; phone_text_alignment=&#8221;default&#8221; overlay_strength=&#8221;0.3&#8243; column_border_width=&#8221;none&#8221; column_border_style=&#8221;solid&#8221; bg_image_animation=&#8221;none&#8221;][vc_custom_heading text=&#8221;D\u00e9coration partielle&#8221; font_container=&#8221;tag:h1|font_size:28|text_align:center|color:%235b5353&#8243; google_fonts=&#8221;font_family:Philosopher%3Aregular%2Citalic%2C700%2C700italic|font_style:400%20regular%3A400%3Anormal&#8221; css=&#8221;.vc_custom_1584710042915{margin-top: px !important;margin-bottom: 30px !important;padding-top: 10px !important;padding-bottom: 10px !important;background-color: #ede6e6 !important;}&#8221;][\/vc_column][\/vc_row][vc_row type=&#8221;in_container&#8221; full_screen_row_position=&#8221;middle&#8221; column_margin=&#8221;default&#8221; scene_position=&#8221;center&#8221; text_color=&#8221;dark&#8221; text_align=&#8221;left&#8221; overlay_strength=&#8221;0.3&#8243; shape_divider_position=&#8221;bottom&#8221; bg_image_animation=&#8221;none&#8221;][vc_column column_padding=&#8221;no-extra-padding&#8221; column_padding_position=&#8221;all&#8221; background_color_opacity=&#8221;1&#8243; background_hover_color_opacity=&#8221;1&#8243; column_link_target=&#8221;_self&#8221; column_shadow=&#8221;none&#8221; column_border_radius=&#8221;none&#8221; width=&#8221;1\/2&#8243; tablet_width_inherit=&#8221;default&#8221; tablet_text_alignment=&#8221;default&#8221; phone_text_alignment=&#8221;default&#8221; overlay_strength=&#8221;0.3&#8243; column_border_width=&#8221;none&#8221; column_border_style=&#8221;solid&#8221; bg_image_animation=&#8221;none&#8221;][image_with_animation image_url=&#8221;1829&#8243; alignment=&#8221;right&#8221; animation=&#8221;Fade In&#8221; hover_animation=&#8221;none&#8221; border_radius=&#8221;none&#8221; box_shadow=&#8221;none&#8221; image_loading=&#8221;default&#8221; max_width=&#8221;100%&#8221; max_width_mobile=&#8221;default&#8221;][\/vc_column][vc_column column_padding=&#8221;no-extra-padding&#8221; column_padding_position=&#8221;all&#8221; background_color_opacity=&#8221;1&#8243; background_hover_color_opacity=&#8221;1&#8243; column_link_target=&#8221;_self&#8221; column_shadow=&#8221;none&#8221; column_border_radius=&#8221;none&#8221; width=&#8221;1\/2&#8243; tablet_width_inherit=&#8221;default&#8221; tablet_text_alignment=&#8221;default&#8221; phone_text_alignment=&#8221;default&#8221; overlay_strength=&#8221;0.3&#8243; column_border_width=&#8221;none&#8221; column_border_style=&#8221;solid&#8221; bg_image_animation=&#8221;none&#8221;][vc_column_text css_animation=&#8221;none&#8221; css=&#8221;.vc_custom_1591355043734{padding-top: 25px !important;}&#8221;]\n<p style=\"text-align: center;\">La d\u00e9coration de salle est une partie majeure dans la d\u00e9coration de votre \u00e9v\u00e8nement, mais cette partie peut-\u00eatre aussi complexe et\/ou compliqu\u00e9e \u00e0 r\u00e9aliser.<br \/>\nC&#8217;est pourquoi ABH-D\u00e9co vous propose un&nbsp; service de d\u00e9coration partiel en r\u00e9alisant cette installation pour vous.<\/p>\n<p style=\"text-align: center;\">Toujours dans le respect des lieux de r\u00e9ception, nous r\u00e9aliserons cette installation conform\u00e9ment au devis et photos inchang\u00e9s.<\/p>\n<p style=\"text-align: center;\">Il en est de m\u00eame pour la d\u00e9coration g\u00e9n\u00e9rale, si vous ne disposez du lieu de r\u00e9ception que le jour m\u00eame de l&#8217;\u00e9v\u00e8nement et n&#8217;avez pas le temps de mettre en place vous m\u00eame, nous pouvons le faire pour vous.<br \/>\nSur base d&#8217;un cahier des charges, nous d\u00e9terminerons la mise en place de tous vos \u00e9l\u00e9ments de d\u00e9coration que vous aurez au pr\u00e9alable pr\u00e9par\u00e9.<\/p>\n[\/vc_column_text][\/vc_column][\/vc_row][vc_row type=&#8221;full_width_content&#8221; full_screen_row_position=&#8221;middle&#8221; column_margin=&#8221;default&#8221; bg_color=&#8221;#ede6e6&#8243; scene_position=&#8221;center&#8221; text_color=&#8221;dark&#8221; text_align=&#8221;center&#8221; overlay_strength=&#8221;0.3&#8243; shape_divider_position=&#8221;bottom&#8221; bg_image_animation=&#8221;none&#8221; shape_type=&#8221;&#8221;][vc_column column_padding=&#8221;no-extra-padding&#8221; column_padding_position=&#8221;all&#8221; background_color_opacity=&#8221;1&#8243; background_hover_color_opacity=&#8221;1&#8243; column_link_target=&#8221;_self&#8221; column_shadow=&#8221;none&#8221; column_border_radius=&#8221;none&#8221; width=&#8221;1\/1&#8243; tablet_width_inherit=&#8221;default&#8221; tablet_text_alignment=&#8221;default&#8221; phone_text_alignment=&#8221;default&#8221; overlay_strength=&#8221;0.3&#8243; column_border_width=&#8221;none&#8221; column_border_style=&#8221;solid&#8221; bg_image_animation=&#8221;none&#8221;][vc_column_text css=&#8221;.vc_custom_1553003790705{margin-top: 30px !important;}&#8221;]\n<h4 style=\"text-align: center;\">Vous ne trouvez pas un article ?<\/h4>\n<p style=\"text-align: center;\">Contactez-nous, nous chercherons \u00e0 votre place !<\/p>\n[\/vc_column_text][nectar_btn size=&#8221;small&#8221; button_style=&#8221;regular&#8221; button_color_2=&#8221;Extra-Color-3&#8243; icon_family=&#8221;none&#8221; url=&#8221;abh-deco.be\/index.php\/contact&#8221; text=&#8221;Contactez-nous&#8221; margin_bottom=&#8221;30&#8243;][\/vc_column][\/vc_row]\n","protected":false},"excerpt":{"rendered":"<p>[vc_row type=&#8221;full_width_content&#8221; full_screen_row_position=&#8221;middle&#8221; column_margin=&#8221;default&#8221; scene_position=&#8221;center&#8221; text_color=&#8221;dark&#8221; text_align=&#8221;left&#8221; overlay_strength=&#8221;0.3&#8243; shape_divider_position=&#8221;bottom&#8221; bg_image_animation=&#8221;none&#8221; shape_type=&#8221;&#8221;][vc_column column_padding=&#8221;no-extra-padding&#8221; column_padding_position=&#8221;all&#8221; background_color_opacity=&#8221;1&#8243; background_hover_color_opacity=&#8221;1&#8243; column_link_target=&#8221;_self&#8221; column_shadow=&#8221;none&#8221; column_border_radius=&#8221;none&#8221; width=&#8221;1\/1&#8243; tablet_width_inherit=&#8221;default&#8221; tablet_text_alignment=&#8221;default&#8221; phone_text_alignment=&#8221;default&#8221; overlay_strength=&#8221;0.3&#8243; column_border_width=&#8221;none&#8221; column_border_style=&#8221;solid&#8221; bg_image_animation=&#8221;none&#8221;][vc_custom_heading text=&#8221;D\u00e9coration partielle&#8221; font_container=&#8221;tag:h1|font_size:28|text_align:center|color:%235b5353&#8243; google_fonts=&#8221;font_family:Philosopher%3Aregular%2Citalic%2C700%2C700italic|font_style:400%20regular%3A400%3Anormal&#8221;&#8230;<\/p>\n","protected":false},"author":1,"featured_media":0,"parent":0,"menu_order":0,"comment_status":"closed","ping_status":"closed","template":"","meta":{"ngg_post_thumbnail":0,"footnotes":""},"class_list":["post-1862","page","type-page","status-publish"],"_links":{"self":[{"href":"https:\/\/abh-deco.be\/wp-json\/wp\/v2\/pages\/1862","targetHints":{"allow":["GET"]}}],"collection":[{"href":"https:\/\/abh-deco.be\/wp-json\/wp\/v2\/pages"}],"about":[{"href":"https:\/\/abh-deco.be\/wp-json\/wp\/v2\/types\/page"}],"author":[{"embeddable":true,"href":"https:\/\/abh-deco.be\/wp-json\/wp\/v2\/users\/1"}],"replies":[{"embeddable":true,"href":"https:\/\/abh-deco.be\/wp-json\/wp\/v2\/comments?post=1862"}],"version-history":[{"count":8,"href":"https:\/\/abh-deco.be\/wp-json\/wp\/v2\/pages\/1862\/revisions"}],"predecessor-version":[{"id":2889,"href":"https:\/\/abh-deco.be\/wp-json\/wp\/v2\/pages\/1862\/revisions\/2889"}],"wp:attachment":[{"href":"https:\/\/abh-deco.be\/wp-json\/wp\/v2\/media?parent=1862"}],"curies":[{"name":"wp","href":"https:\/\/api.w.org\/{rel}","templated":true}]}}