{"id":6481,"date":"2024-05-02T16:56:07","date_gmt":"2024-05-02T14:56:07","guid":{"rendered":"http:\/\/abh-deco.be\/index.php\/produit\/couronne-de-fleurs-blanches-et-roses\/"},"modified":"2026-04-10T11:43:45","modified_gmt":"2026-04-10T09:43:45","slug":"couronne-de-fleurs-blanches-et-roses-d-30-cm","status":"publish","type":"product","link":"https:\/\/abh-deco.be\/produit\/couronne-de-fleurs-blanches-et-roses-d-30-cm\/","title":{"rendered":"Couronne de fleurs blanches et roses &#8211; D 30 cm"},"content":{"rendered":"<p><strong>Location de Couronne Florale Artificielle &#8211; Blanc &amp; Rose &#8211; \u00d8 30 cm (R\u00e9f : CRFLR)<\/strong><\/p>\n<p>La Couronne de Fleurs (R\u00e9f : CRFLR) est l&#8217;accessoire de d\u00e9coration indispensable pour apporter une touche de douceur et de po\u00e9sie \u00e0 votre \u00e9v\u00e9nement. Son format annulaire permet de multiples usages cr\u00e9atifs pour une sc\u00e9nographie harmonieuse.<\/p>\n<ul>\n<li>Harmonie Romantique : Le m\u00e9lange \u00e9quilibr\u00e9 de fleurs blanches et de nuances roses (pastel \u00e0 poudr\u00e9) cr\u00e9e un contraste d\u00e9licat. Elle s&#8217;int\u00e8gre parfaitement dans les th\u00e8mes &#8220;Champ\u00eatre&#8221;, &#8220;Shabby Chic&#8221; ou pour des \u00e9v\u00e9nements de type Baby Shower et Bapt\u00eame.<\/li>\n<\/ul>\n<p>\u00a0<\/p>\n<ul>\n<li>Usage en Centre de Table : Gr\u00e2ce \u00e0 son centre \u00e9vid\u00e9, elle est con\u00e7ue pour accueillir en son sein un cylindre en verre avec bougie, un petit vase ou un num\u00e9ro de table, cr\u00e9ant ainsi un ensemble floral complet sans masquer la vue des convives.<\/li>\n<\/ul>\n<p>\u00a0<\/p>\n<ul>\n<li>Usage en Suspension : L\u00e9g\u00e8re et bien finie, elle peut \u00eatre suspendue \u00e0 l&#8217;aide de rubans satin\u00e9s pour d\u00e9corer les dossiers des mari\u00e9s, l&#8217;entr\u00e9e de l&#8217;\u00e9glise ou servir de cadre pour un plan de table floral.<\/li>\n<\/ul>\n<p><strong>Avantages Cl\u00e9s de cette Location<\/strong><\/p>\n<ul>\n<li>Polyvalence (Utilisation \u00e0 plat ou en suspension).<\/li>\n<\/ul>\n<p>\u00a0<\/p>\n<ul>\n<li>M\u00e9lange de Couleurs Tendre (Blanc et rose pour une \u00e9l\u00e9gance intemporelle).<\/li>\n<\/ul>\n<p>\u00a0<\/p>\n<ul>\n<li>Diam\u00e8tre 30 cm (Format id\u00e9al, ni trop grand, ni trop petit).<\/li>\n<\/ul>\n<p>\u00a0<\/p>\n<ul>\n<li>Qualit\u00e9 Durable (Fleurs artificielles de haute densit\u00e9, tenue impeccable).<\/li>\n<\/ul>\n<p>\u00a0<\/p>\n<p><strong>Caract\u00e9ristiques Techniques D\u00e9taill\u00e9es (Informations ABH-Deco)<\/strong><\/p>\n<ul>\n<li>Type de Produit : Couronne Florale Artificielle.<\/li>\n<\/ul>\n<p>\u00a0<\/p>\n<ul>\n<li>Forme : Annulaire (Cercle fleuri).<\/li>\n<\/ul>\n<p>\u00a0<\/p>\n<ul>\n<li>Diam\u00e8tre : 30 cm.<\/li>\n<\/ul>\n<p>\u00a0<\/p>\n<ul>\n<li>Couleur : Blanc et Rose.<\/li>\n<\/ul>\n<p>\u00a0<\/p>\n<ul>\n<li>Usage : Centre de table, tour de bougie, d\u00e9coration murale ou de chaise.<\/li>\n<\/ul>\n<p>\u00a0<\/p>\n<ul>\n<li>Service : Location d&#8217;Accessoire de Sc\u00e9nographie.<\/li>\n<\/ul>\n","protected":false},"excerpt":{"rendered":"<p>Propos\u00e9e en location, cette couronne de 30 cm m\u00eale roses blanches et touches ros\u00e9es pour un rendu tendre et printanier.<\/p>\n<p>Id\u00e9ale pour entourer un bougeoir ou d\u00e9corer vos chaises.<\/p>\n","protected":false},"featured_media":6762,"template":"","meta":{"ngg_post_thumbnail":0},"product_brand":[],"product_cat":[1027],"product_tag":[1083,1081],"class_list":{"0":"post-6481","1":"product","2":"type-product","3":"status-publish","4":"has-post-thumbnail","6":"product_cat-couronne","7":"product_tag-centre-de-table","8":"product_tag-fleur-artificielle","10":"first","11":"instock","12":"taxable","13":"shipping-taxable","14":"purchasable","15":"product-type-rentable"},"_links":{"self":[{"href":"https:\/\/abh-deco.be\/wp-json\/wp\/v2\/product\/6481","targetHints":{"allow":["GET"]}}],"collection":[{"href":"https:\/\/abh-deco.be\/wp-json\/wp\/v2\/product"}],"about":[{"href":"https:\/\/abh-deco.be\/wp-json\/wp\/v2\/types\/product"}],"wp:featuredmedia":[{"embeddable":true,"href":"https:\/\/abh-deco.be\/wp-json\/wp\/v2\/media\/6762"}],"wp:attachment":[{"href":"https:\/\/abh-deco.be\/wp-json\/wp\/v2\/media?parent=6481"}],"wp:term":[{"taxonomy":"product_brand","embeddable":true,"href":"https:\/\/abh-deco.be\/wp-json\/wp\/v2\/product_brand?post=6481"},{"taxonomy":"product_cat","embeddable":true,"href":"https:\/\/abh-deco.be\/wp-json\/wp\/v2\/product_cat?post=6481"},{"taxonomy":"product_tag","embeddable":true,"href":"https:\/\/abh-deco.be\/wp-json\/wp\/v2\/product_tag?post=6481"}],"curies":[{"name":"wp","href":"https:\/\/api.w.org\/{rel}","templated":true}]}}