{"id":6602,"date":"2024-05-02T16:56:40","date_gmt":"2024-05-02T14:56:40","guid":{"rendered":"http:\/\/abh-deco.be\/index.php\/produit\/miroir-rond-pour-table-diam-150-cm\/"},"modified":"2026-04-10T11:43:49","modified_gmt":"2026-04-10T09:43:49","slug":"miroir-rond-pour-table-150-cm","status":"publish","type":"product","link":"https:\/\/abh-deco.be\/?product=miroir-rond-pour-table-150-cm","title":{"rendered":"Miroir rond pour table &#8211; 150 cm"},"content":{"rendered":"<p><strong>Location de Miroir Rond G\u00e9ant D 150 cm (R\u00e9f : MR150)<\/strong><\/p>\n<p>Le Miroir Rond G\u00e9ant de 150 cm n&#8217;est pas un simple support de table, c&#8217;est un \u00e9l\u00e9ment d\u00e9coratif structurel destin\u00e9 aux grands espaces. Sa taille (1,5 m\u00e8tre de diam\u00e8tre) cr\u00e9e un impact visuel imm\u00e9diat et spectaculaire, amplifiant la lumi\u00e8re, les couleurs et les d\u00e9corations de l&#8217;ensemble de la salle.<\/p>\n<p>Il est g\u00e9n\u00e9ralement utilis\u00e9 comme :<\/p>\n<ul>\n<li><strong>Piste de Danse R\u00e9fl\u00e9chissante : <\/strong>Positionn\u00e9 au centre ou en module pour donner une dimension chic et futuriste.<\/li>\n<\/ul>\n<p>\u00a0<\/p>\n<ul>\n<li><strong>Base d&#8217;Installation :<\/strong> Utilis\u00e9 au sol sous une arche, un podium, ou une composition florale tr\u00e8s haute pour donner l&#8217;illusion d&#8217;une profondeur infinie.<\/li>\n<\/ul>\n<p>\u00a0<\/p>\n<ul>\n<li><strong>Table d&#8217;Honneur :<\/strong> Peut \u00eatre int\u00e9gr\u00e9 \u00e0 la table d&#8217;honneur pour r\u00e9fl\u00e9chir les lumi\u00e8res du plafond et les convives.\n<\/li>\n<\/ul>\n<p><strong>Avantages Cl\u00e9s de ce Miroir G\u00e9ant en Location<\/strong><\/p>\n<ul>\n<li><strong>Taille G\u00e9ante (150 cm) :<\/strong> Cr\u00e9e un point focal spectaculaire et une profondeur visuelle.<\/li>\n<\/ul>\n<p>\u00a0<\/p>\n<ul>\n<li><strong>Luxe Absolu :<\/strong> Un gage d&#8217;\u00e9v\u00e9nement haut de gamme.<\/li>\n<\/ul>\n<p>\u00a0<\/p>\n<p><strong>Caract\u00e9ristiques Techniques D\u00e9taill\u00e9es (Informations ABH-Deco)<\/strong><\/p>\n<ul>\n<li><strong>Diam\u00e8tre : <\/strong>150 cm (1,5 m\u00e8tre).<\/li>\n<\/ul>\n<p>\u00a0<\/p>\n<ul>\n<li><strong>Mat\u00e9riau :<\/strong> Verre miroir (\u00e9paisseur de 0,8cm).<\/li>\n<\/ul>\n<p>\u00a0<\/p>\n<ul>\n<li><strong>Usage :<\/strong>\u00a0Miroir taille de table.<\/li>\n<\/ul>\n","protected":false},"excerpt":{"rendered":"<p>Ce miroir rond g\u00e9ant de 150 cm de diam\u00e8tre est une pi\u00e8ce \u00e9v\u00e9nementielle spectaculaire, parfaite pour cr\u00e9er une piste de danse ou un point focal majestueux au sol.<\/p>\n","protected":false},"featured_media":6856,"template":"","meta":{"ngg_post_thumbnail":0},"product_brand":[],"product_cat":[991],"product_tag":[1140],"class_list":{"0":"post-6602","1":"product","2":"type-product","3":"status-publish","4":"has-post-thumbnail","6":"product_cat-table-miroir","7":"product_tag-miroir-table","9":"first","10":"instock","11":"taxable","12":"shipping-taxable","13":"purchasable","14":"product-type-rentable"},"_links":{"self":[{"href":"https:\/\/abh-deco.be\/index.php?rest_route=\/wp\/v2\/product\/6602","targetHints":{"allow":["GET"]}}],"collection":[{"href":"https:\/\/abh-deco.be\/index.php?rest_route=\/wp\/v2\/product"}],"about":[{"href":"https:\/\/abh-deco.be\/index.php?rest_route=\/wp\/v2\/types\/product"}],"wp:featuredmedia":[{"embeddable":true,"href":"https:\/\/abh-deco.be\/index.php?rest_route=\/wp\/v2\/media\/6856"}],"wp:attachment":[{"href":"https:\/\/abh-deco.be\/index.php?rest_route=%2Fwp%2Fv2%2Fmedia&parent=6602"}],"wp:term":[{"taxonomy":"product_brand","embeddable":true,"href":"https:\/\/abh-deco.be\/index.php?rest_route=%2Fwp%2Fv2%2Fproduct_brand&post=6602"},{"taxonomy":"product_cat","embeddable":true,"href":"https:\/\/abh-deco.be\/index.php?rest_route=%2Fwp%2Fv2%2Fproduct_cat&post=6602"},{"taxonomy":"product_tag","embeddable":true,"href":"https:\/\/abh-deco.be\/index.php?rest_route=%2Fwp%2Fv2%2Fproduct_tag&post=6602"}],"curies":[{"name":"wp","href":"https:\/\/api.w.org\/{rel}","templated":true}]}}