{"id":7429,"date":"2024-09-09T20:03:05","date_gmt":"2024-09-09T18:03:05","guid":{"rendered":"http:\/\/abh-deco.be\/?product=panneau-bienvenue-carte-du-monde-location"},"modified":"2026-04-07T13:50:41","modified_gmt":"2026-04-07T11:50:41","slug":"panneau-bienvenue-carte-du-monde-100-x-80-cm-location","status":"publish","type":"product","link":"https:\/\/abh-deco.be\/?product=panneau-bienvenue-carte-du-monde-100-x-80-cm-location","title":{"rendered":"Panneau bienvenue carte du monde 100 x 80 cm &#8211; location"},"content":{"rendered":"<p><strong>Location de Panneau de Bienvenue Carte du Monde 100 x 80 cm (R\u00e9f : PABI)<\/strong><\/p>\n<p>Ce panneau de bienvenue est l&#8217;\u00e9l\u00e9ment signature indispensable pour tous les mariages ou \u00e9v\u00e9nements d&#8217;entreprise sur le th\u00e8me du voyage, de l&#8217;exploration ou de l&#8217;international. Avec son format extra-large de <strong>100 x 80 cm<\/strong>, il ne passera pas inaper\u00e7u et servira de magnifique toile de fond pour votre message d&#8217;accueil. Il peut \u00eatre utilis\u00e9 non seulement pour souhaiter la bienvenue, mais aussi comme plan de table, chaque table \u00e9tant nomm\u00e9e d&#8217;apr\u00e8s une destination.<\/p>\n<p>\u00a0<\/p>\n<p><strong>Avantages Cl\u00e9s de ce Panneau Th\u00e9matique en Location<\/strong><\/p>\n<ul>\n<li><strong>Th\u00e8me Fort :<\/strong> Cr\u00e9e imm\u00e9diatement une ambiance de voyage, d&#8217;\u00e9vasion et d&#8217;aventure pour vos invit\u00e9s.<\/li>\n<\/ul>\n<p>\u00a0<\/p>\n<ul>\n<li><strong>Grande Taille :<\/strong> Le format 100&#215;80 cm est parfait pour \u00eatre visible de loin et pour des photos m\u00e9morables.<\/li>\n<\/ul>\n<p>\u00a0<\/p>\n<ul>\n<li><strong>Personnalisation Facile :<\/strong> Peut \u00eatre facilement compl\u00e9t\u00e9 par des pinces pour y accrocher des cartes postales ou un message personnalis\u00e9.<\/li>\n<\/ul>\n<p>\u00a0<\/p>\n<ul>\n<li><strong>Polyvalence :<\/strong> Id\u00e9al pour l&#8217;entr\u00e9e, pr\u00e8s du livre d&#8217;or ou en point central du cocktail.<\/li>\n<\/ul>\n<p>\u00a0<\/p>\n<p><strong>Caract\u00e9ristiques Techniques D\u00e9taill\u00e9es (Informations ABH-Deco)<\/strong><\/p>\n<ul>\n<li><strong>Format du panneau :<\/strong> 100 cm x 80 cm.<\/li>\n<\/ul>\n<p>\u00a0<\/p>\n<ul>\n<li><strong>Th\u00e8me :<\/strong> Carte du monde stylis\u00e9e.\n<\/li>\n<\/ul>\n","protected":false},"excerpt":{"rendered":"<p>Id\u00e9al pour les th\u00e8mes Voyage ou Aventure, ce panneau grand format accueille vos invit\u00e9s et leur fait prendre le d\u00e9part d&#8217;une c\u00e9l\u00e9bration inoubliable.<\/p>\n","protected":false},"featured_media":7726,"template":"","meta":{"ngg_post_thumbnail":0},"product_brand":[],"product_cat":[1228],"product_tag":[],"class_list":{"0":"post-7429","1":"product","2":"type-product","3":"status-publish","4":"has-post-thumbnail","6":"product_cat-pancarte","8":"first","9":"instock","10":"taxable","11":"shipping-taxable","12":"purchasable","13":"product-type-rentable"},"_links":{"self":[{"href":"https:\/\/abh-deco.be\/index.php?rest_route=\/wp\/v2\/product\/7429","targetHints":{"allow":["GET"]}}],"collection":[{"href":"https:\/\/abh-deco.be\/index.php?rest_route=\/wp\/v2\/product"}],"about":[{"href":"https:\/\/abh-deco.be\/index.php?rest_route=\/wp\/v2\/types\/product"}],"wp:featuredmedia":[{"embeddable":true,"href":"https:\/\/abh-deco.be\/index.php?rest_route=\/wp\/v2\/media\/7726"}],"wp:attachment":[{"href":"https:\/\/abh-deco.be\/index.php?rest_route=%2Fwp%2Fv2%2Fmedia&parent=7429"}],"wp:term":[{"taxonomy":"product_brand","embeddable":true,"href":"https:\/\/abh-deco.be\/index.php?rest_route=%2Fwp%2Fv2%2Fproduct_brand&post=7429"},{"taxonomy":"product_cat","embeddable":true,"href":"https:\/\/abh-deco.be\/index.php?rest_route=%2Fwp%2Fv2%2Fproduct_cat&post=7429"},{"taxonomy":"product_tag","embeddable":true,"href":"https:\/\/abh-deco.be\/index.php?rest_route=%2Fwp%2Fv2%2Fproduct_tag&post=7429"}],"curies":[{"name":"wp","href":"https:\/\/api.w.org\/{rel}","templated":true}]}}