{"id":7445,"date":"2024-09-09T20:04:41","date_gmt":"2024-09-09T18:04:41","guid":{"rendered":"http:\/\/abh-deco.be\/?product=desserte-a-2-etages-en-bois-sur-roulettes"},"modified":"2026-04-10T11:44:25","modified_gmt":"2026-04-10T09:44:25","slug":"desserte-a-2-etages-en-bois-sur-roulettes","status":"publish","type":"product","link":"https:\/\/abh-deco.be\/produit\/desserte-a-2-etages-en-bois-sur-roulettes\/","title":{"rendered":"Desserte \u00e0 2 \u00e9tages en bois sur roulettes"},"content":{"rendered":"<p><strong>Location de Desserte \u00e0 Deux \u00c9tages sur Roulettes (R\u00e9f : DESS)<\/strong><\/p>\n<p>La Desserte en Bois sur Roulettes (R\u00e9f : DESS) est un meuble \u00e9v\u00e9nementiel extr\u00eamement fonctionnel. Sa conception \u00e0 deux niveaux maximise la surface de pr\u00e9sentation ou de service, et ses roulettes assurent une flexibilit\u00e9 totale dans l&#8217;agencement de votre espace.<\/p>\n<ul>\n<li>Bar Mobile ou Buffet : Parfaitement adapt\u00e9e pour \u00eatre transform\u00e9e en mini-bar \u00e0 cocktails, en station \u00e0 limonade, ou en buffet de desserts (sweet table) facile \u00e0 d\u00e9placer selon le flux des invit\u00e9s.<\/li>\n<\/ul>\n<p>\u00a0<\/p>\n<ul>\n<li>Meuble d&#8217;Appoint Pratique : Id\u00e9ale pour les mariages champ\u00eatres ou les r\u00e9ceptions d&#8217;entreprise o\u00f9 la logistique de service n\u00e9cessite une grande mobilit\u00e9. Elle peut aussi servir de support pour le mat\u00e9riel de DJ ou l&#8217;enregistrement (check-in) des invit\u00e9s.<\/li>\n<\/ul>\n<p>\u00a0<\/p>\n<ul>\n<li>Style Polyvalent : Le bois (\u00e0 sp\u00e9cifier s&#8217;il est naturel, blanc, ou teint\u00e9) lui conf\u00e8re un style qui s&#8217;int\u00e8gre aussi bien aux th\u00e8mes rustiques qu&#8217;aux d\u00e9cors plus modernes.\n<p>\u00a0<\/li>\n<\/ul>\n<p><strong>Avantages Cl\u00e9s de cette Location<\/strong><br \/>\u00a0<\/p>\n<ul>\n<li>Mobilit\u00e9 Optimale (Roulettes).<\/li>\n<\/ul>\n<p>\u00a0<\/p>\n<ul>\n<li>Deux \u00c9tages (Double Surface de Rangement\/Pr\u00e9sentation).<\/li>\n<\/ul>\n<p>\u00a0<\/p>\n<ul>\n<li>Id\u00e9ale comme Chariot Bar ou Buffet Mobile.<\/li>\n<\/ul>\n<p>\u00a0<\/p>\n<ul>\n<li>Mat\u00e9riau Bois Polyvalent (Adaptable au Th\u00e8me).<\/li>\n<\/ul>\n<p><strong>Caract\u00e9ristiques Techniques D\u00e9taill\u00e9es (Informations ABH-Deco)<\/strong><\/p>\n<ul>\n<li>Type de Produit : Meuble de Service \/ Desserte.<\/li>\n<\/ul>\n<p>\u00a0<\/p>\n<ul>\n<li>Fonction : Service, Rangement, Pr\u00e9sentoir.<\/li>\n<\/ul>\n<p>\u00a0<\/p>\n<ul>\n<li>Couleur\/Finition : Bois.<\/li>\n<\/ul>\n<p>\u00a0<\/p>\n<ul>\n<li>Niveaux : 2 Plateaux.<\/li>\n<\/ul>\n<p>\u00a0<\/p>\n<ul>\n<li>Caract\u00e9ristiques : \u00c9quip\u00e9 de Roulettes.<\/li>\n<\/ul>\n<p>\u00a0<\/p>\n<ul>\n<li>Service : Location de Mobilier de Service.<\/li>\n<\/ul>\n<p>\u00a0<\/p>\n<ul>\n<li>Type : Mobilier d&#8217;Office\/Bar.<\/li>\n<\/ul>\n","protected":false},"excerpt":{"rendered":"<p>Cette desserte en bois \u00e0 roulettes offre deux niveaux d&#8217;espace pour le service ou la pr\u00e9sentation.<\/p>\n<p>Elle est id\u00e9ale comme chariot bar ou pour organiser un buffet mobile.<\/p>\n","protected":false},"featured_media":7735,"template":"","meta":{"ngg_post_thumbnail":0},"product_brand":[],"product_cat":[1198],"product_tag":[],"class_list":{"0":"post-7445","1":"product","2":"type-product","3":"status-publish","4":"has-post-thumbnail","6":"product_cat-divers","8":"first","9":"instock","10":"taxable","11":"shipping-taxable","12":"purchasable","13":"product-type-rentable"},"_links":{"self":[{"href":"https:\/\/abh-deco.be\/wp-json\/wp\/v2\/product\/7445","targetHints":{"allow":["GET"]}}],"collection":[{"href":"https:\/\/abh-deco.be\/wp-json\/wp\/v2\/product"}],"about":[{"href":"https:\/\/abh-deco.be\/wp-json\/wp\/v2\/types\/product"}],"wp:featuredmedia":[{"embeddable":true,"href":"https:\/\/abh-deco.be\/wp-json\/wp\/v2\/media\/7735"}],"wp:attachment":[{"href":"https:\/\/abh-deco.be\/wp-json\/wp\/v2\/media?parent=7445"}],"wp:term":[{"taxonomy":"product_brand","embeddable":true,"href":"https:\/\/abh-deco.be\/wp-json\/wp\/v2\/product_brand?post=7445"},{"taxonomy":"product_cat","embeddable":true,"href":"https:\/\/abh-deco.be\/wp-json\/wp\/v2\/product_cat?post=7445"},{"taxonomy":"product_tag","embeddable":true,"href":"https:\/\/abh-deco.be\/wp-json\/wp\/v2\/product_tag?post=7445"}],"curies":[{"name":"wp","href":"https:\/\/api.w.org\/{rel}","templated":true}]}}