{"id":7481,"date":"2024-09-09T20:04:55","date_gmt":"2024-09-09T18:04:55","guid":{"rendered":"http:\/\/abh-deco.be\/?product=pancarte-daccueil-en-plexiglas-50-x-70-cm-avec-ou-sans-peinture-a-larriere-location"},"modified":"2026-04-07T13:50:35","modified_gmt":"2026-04-07T11:50:35","slug":"pancarte-daccueil-en-plexiglas-transparent-50-x-70-cm","status":"publish","type":"product","link":"https:\/\/abh-deco.be\/?product=pancarte-daccueil-en-plexiglas-transparent-50-x-70-cm","title":{"rendered":"Pancarte d&#8217;accueil en plexiglas transparent 50 x 70 cm"},"content":{"rendered":"<p><strong>Location de Pancarte d&#8217;Accueil en Plexi Transparent 50&#215;70 cm (R\u00e9f : PAP)<\/strong><\/p>\n<p>Notre service de location vous permet d&#8217;offrir \u00e0 votre \u00e9v\u00e9nement une signal\u00e9tique d&#8217;une clart\u00e9 in\u00e9gal\u00e9e gr\u00e2ce \u00e0 cette pancarte en Plexiglas transparent. Le Plexi (ou acrylique) est plus l\u00e9ger et plus r\u00e9sistant que le verre, tout en offrant une esth\u00e9tique moderne et sophistiqu\u00e9e. Le format 50&#215;70 cm est id\u00e9al pour un message de bienvenue, une citation ou un plan de table personnalis\u00e9 qui se fondra \u00e9l\u00e9gamment dans n&#8217;importe quel d\u00e9cor.<\/p>\n<p><strong>Avantages Cl\u00e9s de ce Panneau en Location<\/strong><\/p>\n<ul>\n<li><strong>Esth\u00e9tique Minimaliste :<\/strong> L&#8217;effet transparent cr\u00e9e un look contemporain et chic, id\u00e9al pour les \u00e9v\u00e9nements modernes et haut de gamme.<\/li>\n<\/ul>\n<p>\u00a0<\/p>\n<ul>\n<li><strong>R\u00e9sistance et S\u00e9curit\u00e9 :<\/strong> Le Plexiglas est incassable, ce qui le rend plus s\u00fbr et plus durable que le verre (important en location).<\/li>\n<\/ul>\n<p>\u00a0<\/p>\n<ul>\n<li><strong>Surface Parfaite :<\/strong> Id\u00e9ale pour l&#8217;application de vinyle (noir ou blanc) ou l&#8217;\u00e9criture \u00e0 la craie liquide pour un contraste saisissant.<\/li>\n<\/ul>\n<p>\u00a0<\/p>\n<ul>\n<li><strong>Grande Polyvalence :<\/strong> Peut \u00eatre utilis\u00e9 sur chevalet, sur un mur v\u00e9g\u00e9tal ou suspendu pour un effet a\u00e9rien.<\/li>\n<\/ul>\n<p>\u00a0<\/p>\n<p><strong>Caract\u00e9ristiques Techniques D\u00e9taill\u00e9es (Informations ABH-Deco)<\/strong><\/p>\n<ul>\n<li><strong>Format du panneau :<\/strong> 50 cm x 70 cm.<\/li>\n<\/ul>\n<p>\u00a0<\/p>\n<ul>\n<li><strong>Mat\u00e9riau :<\/strong> Plexiglas (Acrylique) de haute qualit\u00e9.<\/li>\n<\/ul>\n<p>\u00a0<\/p>\n<ul>\n<li><strong>Couleur :<\/strong> Transparent.<\/li>\n<\/ul>\n<p>\u00a0<\/p>\n<ul>\n<li><strong>Utilisation :<\/strong> Int\u00e9rieur et ext\u00e9rieur couvert.<\/li>\n<\/ul>\n","protected":false},"excerpt":{"rendered":"<p>Ce panneau en Plexiglas transparent, avec ou sans peinture \u00e0 l&#8217;arri\u00e8re, apporte une touche ultra-moderne et minimaliste, cr\u00e9ant un superbe effet de message flottant dans l&#8217;espace.<\/p>\n<p>Dimension : 50 x 70 cm<\/p>\n","protected":false},"featured_media":7597,"template":"","meta":{"ngg_post_thumbnail":0},"product_brand":[],"product_cat":[1228],"product_tag":[],"class_list":{"0":"post-7481","1":"product","2":"type-product","3":"status-publish","4":"has-post-thumbnail","6":"product_cat-pancarte","8":"first","9":"outofstock","10":"taxable","11":"shipping-taxable","12":"purchasable","13":"product-type-simple"},"_links":{"self":[{"href":"https:\/\/abh-deco.be\/index.php?rest_route=\/wp\/v2\/product\/7481","targetHints":{"allow":["GET"]}}],"collection":[{"href":"https:\/\/abh-deco.be\/index.php?rest_route=\/wp\/v2\/product"}],"about":[{"href":"https:\/\/abh-deco.be\/index.php?rest_route=\/wp\/v2\/types\/product"}],"wp:featuredmedia":[{"embeddable":true,"href":"https:\/\/abh-deco.be\/index.php?rest_route=\/wp\/v2\/media\/7597"}],"wp:attachment":[{"href":"https:\/\/abh-deco.be\/index.php?rest_route=%2Fwp%2Fv2%2Fmedia&parent=7481"}],"wp:term":[{"taxonomy":"product_brand","embeddable":true,"href":"https:\/\/abh-deco.be\/index.php?rest_route=%2Fwp%2Fv2%2Fproduct_brand&post=7481"},{"taxonomy":"product_cat","embeddable":true,"href":"https:\/\/abh-deco.be\/index.php?rest_route=%2Fwp%2Fv2%2Fproduct_cat&post=7481"},{"taxonomy":"product_tag","embeddable":true,"href":"https:\/\/abh-deco.be\/index.php?rest_route=%2Fwp%2Fv2%2Fproduct_tag&post=7481"}],"curies":[{"name":"wp","href":"https:\/\/api.w.org\/{rel}","templated":true}]}}